{"id":1352,"date":"2022-04-28T22:28:14","date_gmt":"2022-04-28T22:28:14","guid":{"rendered":"https:\/\/digitalsprockets.net\/about-us\/"},"modified":"2024-09-06T19:18:13","modified_gmt":"2024-09-06T19:18:13","slug":"about-us","status":"publish","type":"page","link":"https:\/\/digitalsprockets.net\/en\/about-us\/","title":{"rendered":"About us"},"content":{"rendered":"\n<h1 class=\"wp-block-heading\">About us <\/h1>\n\n\n\n<h1 class=\"wp-block-heading\"><\/h1>\n\n\n\n<h3 class=\"wp-block-heading\">\n Evolving with passion.\n\t\t\t<\/h3>\n\n\n\n<p>What began as a home studio in 1994 has grown into a company offering the highest quality services in post-production.<br>Since 1994, I have been deeply involved in the rapidly evolving world of digital audiovisual post-production.<br>My passion and commitment to achieving the highest quality in my work have driven me to continuously evolve and enrich my craft.<br>Today, I am proud of my career and immensely grateful for the numerous awards I have received, as well as for the wonderful friends and colleagues I have met along the way. Thank you for being part of my journey\u2014past, present, and future.<br>I studied Communication Sciences at An\u00e1huac University, where I also served for many years as the head of the Post-Production subject in the Film specialty within the Communication faculty.<br>Benjam\u00edn Fern\u00e1ndez Rodr\u00edguez Maribona\u2028CEO, Digital Sprockets<\/p>\n\n\n\n<h3 class=\"wp-block-heading\">Clients.<\/h3>\n\n\n\n<p>We have clients in M\u00e9xico, Spain, United States and Per\u00fa<\/p>\n\n\n\n<p>Oro Films, TV Azteca, Filmoteca de la UNAM, Video Mercury Films, Cine Nostalgia, Athos Overseas Ltd, Vinegar Syndrome, Deaf Crocodile Films<\/p>\n\n\n\n<h3 class=\"wp-block-heading\">Articles and publications.<\/h3>\n\n\n\n<p><a href=\"https:\/\/www.blackmagicdesign.com\/media\/release\/20200806-01\">https:\/\/www.blackmagicdesign.com\/media\/release\/20200806-01<\/a><\/p>\n\n\n\n<p><a href=\"https:\/\/www.splicecommunity.com\/companies\/digital-sprockets\">https:\/\/www.splicecommunity.com\/companies\/digital-sprockets<\/a><\/p>\n\n\n\n<p><a href=\"https:\/\/www.postmagazine.com\/Publications\/Post-Magazine\/2008\/June-1-2008\/POSTING-SOUTH-OF-THE-BORDER.aspx\">https:\/\/www.postmagazine.com\/Publications\/Post-Magazine\/2008\/June-1-2008\/POSTING-SOUTH-OF-THE-BORDER.aspx<\/a><\/p>\n\n\n\n<h3 class=\"wp-block-heading\">Founded in 1994.<\/h3>\n\n\n\n<p>We where born with the Digital video revolution.<a href=\"\" target=\"_self\" role=\"button\" aria-label=\"Click Here\" rel=\"noopener\">\n Click Here\n\t\t<\/a><\/p>\n\n\n\n<h3 class=\"wp-block-heading\">2018: Film restoration award.<\/h3>\n\n\n\n<p>Angel de la Independencia medal awarded by  Jaguar Internacional de las Artes<a role=\"button\" aria-label=\"Click Here\" href=\"\" target=\"_self\" rel=\"noopener\"><br> Click Here<br><\/a><\/p>\n\n\n\n<h3 class=\"wp-block-heading\"> 2018: Canacine award<\/h3>\n\n\n\n<p>Chamber of Industry of film and video recognizes my work.<a href=\"\" target=\"_self\" role=\"button\" aria-label=\"Click Here\" rel=\"noopener\">\n Click Here\n\t\t<\/a><\/p>\n\n\n\n<h3 class=\"wp-block-heading\">2022: 28 years<\/h3>\n\n\n\n<p>We celebrate with you our first 28 years. Let&#8217;s go for more.<a role=\"button\" aria-label=\"Click Here\" href=\"\" target=\"_self\" rel=\"noopener\"><br> Click Here<br>\t\t<\/a><\/p>\n\n\n\n<h1 class=\"wp-block-heading\">Because your vintage movies or new film project deserve the best quality and service, perfect to the last bit, Digital Sprockets.<\/h1>\n\n\n\n<p><a href=\"https:\/\/digitalsprockets.net\/en\/contact\/\" target=\"_self\" role=\"button\" aria-label=\"Contacto\" rel=\"noopener\">\n Contact\n\t\t<\/a><\/p>\n","protected":false},"excerpt":{"rendered":"<p>About us Evolving with passion. What began as a home studio in 1994 has grown into a company offering the highest quality services in post-production.Since 1994, I have been deeply involved in the rapidly evolving world of digital audiovisual post-production.My passion and commitment to achieving the highest quality in my work have driven me to [&hellip;]<\/p>\n","protected":false},"author":1,"featured_media":0,"parent":0,"menu_order":0,"comment_status":"closed","ping_status":"closed","template":"","meta":{"site-sidebar-layout":"no-sidebar","site-content-layout":"page-builder","ast-site-content-layout":"full-width-container","site-content-style":"unboxed","site-sidebar-style":"unboxed","ast-global-header-display":"","ast-banner-title-visibility":"","ast-main-header-display":"","ast-hfb-above-header-display":"","ast-hfb-below-header-display":"","ast-hfb-mobile-header-display":"","site-post-title":"disabled","ast-breadcrumbs-content":"","ast-featured-img":"","footer-sml-layout":"","ast-disable-related-posts":"","theme-transparent-header-meta":"","adv-header-id-meta":"","stick-header-meta":"","header-above-stick-meta":"","header-main-stick-meta":"","header-below-stick-meta":"","astra-migrate-meta-layouts":"set","ast-page-background-enabled":"default","ast-page-background-meta":{"desktop":{"background-color":"","background-image":"","background-repeat":"repeat","background-position":"center center","background-size":"auto","background-attachment":"scroll","background-type":"","background-media":"","overlay-type":"","overlay-color":"","overlay-opacity":"","overlay-gradient":""},"tablet":{"background-color":"","background-image":"","background-repeat":"repeat","background-position":"center center","background-size":"auto","background-attachment":"scroll","background-type":"","background-media":"","overlay-type":"","overlay-color":"","overlay-opacity":"","overlay-gradient":""},"mobile":{"background-color":"","background-image":"","background-repeat":"repeat","background-position":"center center","background-size":"auto","background-attachment":"scroll","background-type":"","background-media":"","overlay-type":"","overlay-color":"","overlay-opacity":"","overlay-gradient":""}},"ast-content-background-meta":{"desktop":{"background-color":"var(--ast-global-color-5)","background-image":"","background-repeat":"repeat","background-position":"center center","background-size":"auto","background-attachment":"scroll","background-type":"","background-media":"","overlay-type":"","overlay-color":"","overlay-opacity":"","overlay-gradient":""},"tablet":{"background-color":"var(--ast-global-color-5)","background-image":"","background-repeat":"repeat","background-position":"center center","background-size":"auto","background-attachment":"scroll","background-type":"","background-media":"","overlay-type":"","overlay-color":"","overlay-opacity":"","overlay-gradient":""},"mobile":{"background-color":"var(--ast-global-color-5)","background-image":"","background-repeat":"repeat","background-position":"center center","background-size":"auto","background-attachment":"scroll","background-type":"","background-media":"","overlay-type":"","overlay-color":"","overlay-opacity":"","overlay-gradient":""}},"footnotes":""},"class_list":["post-1352","page","type-page","status-publish","hentry"],"yoast_head":"<!-- This site is optimized with the Yoast SEO plugin v27.5 - https:\/\/yoast.com\/product\/yoast-seo-wordpress\/ -->\n<title>About us - Digital Sprockets<\/title>\n<meta name=\"robots\" content=\"index, follow, max-snippet:-1, max-image-preview:large, max-video-preview:-1\" \/>\n<link rel=\"canonical\" href=\"https:\/\/digitalsprockets.net\/en\/about-us\/\" \/>\n<meta property=\"og:locale\" content=\"en_US\" \/>\n<meta property=\"og:type\" content=\"article\" \/>\n<meta property=\"og:title\" content=\"About us - Digital Sprockets\" \/>\n<meta property=\"og:description\" content=\"About us Evolving with passion. What began as a home studio in 1994 has grown into a company offering the highest quality services in post-production.Since 1994, I have been deeply involved in the rapidly evolving world of digital audiovisual post-production.My passion and commitment to achieving the highest quality in my work have driven me to [&hellip;]\" \/>\n<meta property=\"og:url\" content=\"https:\/\/digitalsprockets.net\/en\/about-us\/\" \/>\n<meta property=\"og:site_name\" content=\"Digital Sprockets\" \/>\n<meta property=\"article:modified_time\" content=\"2024-09-06T19:18:13+00:00\" \/>\n<meta name=\"twitter:card\" content=\"summary_large_image\" \/>\n<meta name=\"twitter:label1\" content=\"Est. reading time\" \/>\n\t<meta name=\"twitter:data1\" content=\"2 minutes\" \/>\n<script type=\"application\/ld+json\" class=\"yoast-schema-graph\">{\"@context\":\"https:\\\/\\\/schema.org\",\"@graph\":[{\"@type\":\"WebPage\",\"@id\":\"https:\\\/\\\/digitalsprockets.net\\\/en\\\/about-us\\\/\",\"url\":\"https:\\\/\\\/digitalsprockets.net\\\/en\\\/about-us\\\/\",\"name\":\"About us - Digital Sprockets\",\"isPartOf\":{\"@id\":\"https:\\\/\\\/digitalsprockets.net\\\/#website\"},\"datePublished\":\"2022-04-28T22:28:14+00:00\",\"dateModified\":\"2024-09-06T19:18:13+00:00\",\"breadcrumb\":{\"@id\":\"https:\\\/\\\/digitalsprockets.net\\\/en\\\/about-us\\\/#breadcrumb\"},\"inLanguage\":\"en-US\",\"potentialAction\":[{\"@type\":\"ReadAction\",\"target\":[\"https:\\\/\\\/digitalsprockets.net\\\/en\\\/about-us\\\/\"]}]},{\"@type\":\"BreadcrumbList\",\"@id\":\"https:\\\/\\\/digitalsprockets.net\\\/en\\\/about-us\\\/#breadcrumb\",\"itemListElement\":[{\"@type\":\"ListItem\",\"position\":1,\"name\":\"Portada\",\"item\":\"https:\\\/\\\/digitalsprockets.net\\\/en\\\/\"},{\"@type\":\"ListItem\",\"position\":2,\"name\":\"About us\"}]},{\"@type\":\"WebSite\",\"@id\":\"https:\\\/\\\/digitalsprockets.net\\\/#website\",\"url\":\"https:\\\/\\\/digitalsprockets.net\\\/\",\"name\":\"Digital Sprockets\",\"description\":\"\",\"publisher\":{\"@id\":\"https:\\\/\\\/digitalsprockets.net\\\/#organization\"},\"potentialAction\":[{\"@type\":\"SearchAction\",\"target\":{\"@type\":\"EntryPoint\",\"urlTemplate\":\"https:\\\/\\\/digitalsprockets.net\\\/?s={search_term_string}\"},\"query-input\":{\"@type\":\"PropertyValueSpecification\",\"valueRequired\":true,\"valueName\":\"search_term_string\"}}],\"inLanguage\":\"en-US\"},{\"@type\":\"Organization\",\"@id\":\"https:\\\/\\\/digitalsprockets.net\\\/#organization\",\"name\":\"Digital Sprockets\",\"url\":\"https:\\\/\\\/digitalsprockets.net\\\/\",\"logo\":{\"@type\":\"ImageObject\",\"inLanguage\":\"en-US\",\"@id\":\"https:\\\/\\\/digitalsprockets.net\\\/#\\\/schema\\\/logo\\\/image\\\/\",\"url\":\"https:\\\/\\\/digitalsprockets.net\\\/wp-content\\\/uploads\\\/2022\\\/04\\\/cropped-LogoDigitalSpr2-1-1.png\",\"contentUrl\":\"https:\\\/\\\/digitalsprockets.net\\\/wp-content\\\/uploads\\\/2022\\\/04\\\/cropped-LogoDigitalSpr2-1-1.png\",\"width\":268,\"height\":80,\"caption\":\"Digital Sprockets\"},\"image\":{\"@id\":\"https:\\\/\\\/digitalsprockets.net\\\/#\\\/schema\\\/logo\\\/image\\\/\"}}]}<\/script>\n<!-- \/ Yoast SEO plugin. -->","yoast_head_json":{"title":"About us - Digital Sprockets","robots":{"index":"index","follow":"follow","max-snippet":"max-snippet:-1","max-image-preview":"max-image-preview:large","max-video-preview":"max-video-preview:-1"},"canonical":"https:\/\/digitalsprockets.net\/en\/about-us\/","og_locale":"en_US","og_type":"article","og_title":"About us - Digital Sprockets","og_description":"About us Evolving with passion. What began as a home studio in 1994 has grown into a company offering the highest quality services in post-production.Since 1994, I have been deeply involved in the rapidly evolving world of digital audiovisual post-production.My passion and commitment to achieving the highest quality in my work have driven me to [&hellip;]","og_url":"https:\/\/digitalsprockets.net\/en\/about-us\/","og_site_name":"Digital Sprockets","article_modified_time":"2024-09-06T19:18:13+00:00","twitter_card":"summary_large_image","twitter_misc":{"Est. reading time":"2 minutes"},"schema":{"@context":"https:\/\/schema.org","@graph":[{"@type":"WebPage","@id":"https:\/\/digitalsprockets.net\/en\/about-us\/","url":"https:\/\/digitalsprockets.net\/en\/about-us\/","name":"About us - Digital Sprockets","isPartOf":{"@id":"https:\/\/digitalsprockets.net\/#website"},"datePublished":"2022-04-28T22:28:14+00:00","dateModified":"2024-09-06T19:18:13+00:00","breadcrumb":{"@id":"https:\/\/digitalsprockets.net\/en\/about-us\/#breadcrumb"},"inLanguage":"en-US","potentialAction":[{"@type":"ReadAction","target":["https:\/\/digitalsprockets.net\/en\/about-us\/"]}]},{"@type":"BreadcrumbList","@id":"https:\/\/digitalsprockets.net\/en\/about-us\/#breadcrumb","itemListElement":[{"@type":"ListItem","position":1,"name":"Portada","item":"https:\/\/digitalsprockets.net\/en\/"},{"@type":"ListItem","position":2,"name":"About us"}]},{"@type":"WebSite","@id":"https:\/\/digitalsprockets.net\/#website","url":"https:\/\/digitalsprockets.net\/","name":"Digital Sprockets","description":"","publisher":{"@id":"https:\/\/digitalsprockets.net\/#organization"},"potentialAction":[{"@type":"SearchAction","target":{"@type":"EntryPoint","urlTemplate":"https:\/\/digitalsprockets.net\/?s={search_term_string}"},"query-input":{"@type":"PropertyValueSpecification","valueRequired":true,"valueName":"search_term_string"}}],"inLanguage":"en-US"},{"@type":"Organization","@id":"https:\/\/digitalsprockets.net\/#organization","name":"Digital Sprockets","url":"https:\/\/digitalsprockets.net\/","logo":{"@type":"ImageObject","inLanguage":"en-US","@id":"https:\/\/digitalsprockets.net\/#\/schema\/logo\/image\/","url":"https:\/\/digitalsprockets.net\/wp-content\/uploads\/2022\/04\/cropped-LogoDigitalSpr2-1-1.png","contentUrl":"https:\/\/digitalsprockets.net\/wp-content\/uploads\/2022\/04\/cropped-LogoDigitalSpr2-1-1.png","width":268,"height":80,"caption":"Digital Sprockets"},"image":{"@id":"https:\/\/digitalsprockets.net\/#\/schema\/logo\/image\/"}}]}},"_links":{"self":[{"href":"https:\/\/digitalsprockets.net\/en\/wp-json\/wp\/v2\/pages\/1352","targetHints":{"allow":["GET"]}}],"collection":[{"href":"https:\/\/digitalsprockets.net\/en\/wp-json\/wp\/v2\/pages"}],"about":[{"href":"https:\/\/digitalsprockets.net\/en\/wp-json\/wp\/v2\/types\/page"}],"author":[{"embeddable":true,"href":"https:\/\/digitalsprockets.net\/en\/wp-json\/wp\/v2\/users\/1"}],"replies":[{"embeddable":true,"href":"https:\/\/digitalsprockets.net\/en\/wp-json\/wp\/v2\/comments?post=1352"}],"version-history":[{"count":6,"href":"https:\/\/digitalsprockets.net\/en\/wp-json\/wp\/v2\/pages\/1352\/revisions"}],"predecessor-version":[{"id":1421,"href":"https:\/\/digitalsprockets.net\/en\/wp-json\/wp\/v2\/pages\/1352\/revisions\/1421"}],"wp:attachment":[{"href":"https:\/\/digitalsprockets.net\/en\/wp-json\/wp\/v2\/media?parent=1352"}],"curies":[{"name":"wp","href":"https:\/\/api.w.org\/{rel}","templated":true}]}}