{"id":1326,"date":"2018-01-16T12:01:52","date_gmt":"2018-01-16T12:01:52","guid":{"rendered":"https:\/\/digitalsprockets.net\/welcome-to-digital-sprockets\/"},"modified":"2026-02-18T19:04:17","modified_gmt":"2026-02-18T19:04:17","slug":"welcome-to-digital-sprockets","status":"publish","type":"page","link":"https:\/\/digitalsprockets.net\/en\/","title":{"rendered":"Welcome to Digital Sprockets"},"content":{"rendered":"\n<figure class=\"wp-block-image size-large\"><img loading=\"lazy\" decoding=\"async\" width=\"1024\" height=\"639\" src=\"https:\/\/digitalsprockets.net\/wp-content\/uploads\/2025\/10\/CintelG3-1024x639.jpg\" alt=\"\" class=\"wp-image-1425\" srcset=\"https:\/\/digitalsprockets.net\/wp-content\/uploads\/2025\/10\/CintelG3-1024x639.jpg 1024w, https:\/\/digitalsprockets.net\/wp-content\/uploads\/2025\/10\/CintelG3-300x187.jpg 300w, https:\/\/digitalsprockets.net\/wp-content\/uploads\/2025\/10\/CintelG3-768x479.jpg 768w, https:\/\/digitalsprockets.net\/wp-content\/uploads\/2025\/10\/CintelG3-1536x959.jpg 1536w, https:\/\/digitalsprockets.net\/wp-content\/uploads\/2025\/10\/CintelG3-2048x1278.jpg 2048w, https:\/\/digitalsprockets.net\/wp-content\/uploads\/2025\/10\/CintelG3-600x375.jpg 600w\" sizes=\"auto, (max-width: 1024px) 100vw, 1024px\" \/><\/figure>\n\n\n\n<h1 class=\"wp-block-heading\">The best technology for image and sound.<\/h1>\n\n\n\n<h5 class=\"wp-block-heading\">Benjam\u00edn Fern\u00e1ndez R. Maribona, CEO<\/h5>\n\n\n\n<figure class=\"wp-block-image size-large\"><img loading=\"lazy\" decoding=\"async\" width=\"1024\" height=\"768\" src=\"https:\/\/digitalsprockets.net\/wp-content\/uploads\/2025\/10\/20250930_112309-1024x768.jpg\" alt=\"\" class=\"wp-image-1496\" srcset=\"https:\/\/digitalsprockets.net\/wp-content\/uploads\/2025\/10\/20250930_112309-1024x768.jpg 1024w, https:\/\/digitalsprockets.net\/wp-content\/uploads\/2025\/10\/20250930_112309-300x225.jpg 300w, https:\/\/digitalsprockets.net\/wp-content\/uploads\/2025\/10\/20250930_112309-768x576.jpg 768w, https:\/\/digitalsprockets.net\/wp-content\/uploads\/2025\/10\/20250930_112309-1536x1152.jpg 1536w, https:\/\/digitalsprockets.net\/wp-content\/uploads\/2025\/10\/20250930_112309-2048x1536.jpg 2048w, https:\/\/digitalsprockets.net\/wp-content\/uploads\/2025\/10\/20250930_112309-600x450.jpg 600w\" sizes=\"auto, (max-width: 1024px) 100vw, 1024px\" \/><\/figure>\n\n\n\n<figure class=\"wp-block-image size-large\"><img loading=\"lazy\" decoding=\"async\" width=\"1024\" height=\"686\" src=\"https:\/\/digitalsprockets.net\/wp-content\/uploads\/2025\/10\/FotoBenjaminFernandezR-1024x686.jpg\" alt=\"\" class=\"wp-image-1498\" srcset=\"https:\/\/digitalsprockets.net\/wp-content\/uploads\/2025\/10\/FotoBenjaminFernandezR-1024x686.jpg 1024w, https:\/\/digitalsprockets.net\/wp-content\/uploads\/2025\/10\/FotoBenjaminFernandezR-300x201.jpg 300w, https:\/\/digitalsprockets.net\/wp-content\/uploads\/2025\/10\/FotoBenjaminFernandezR-768x514.jpg 768w, https:\/\/digitalsprockets.net\/wp-content\/uploads\/2025\/10\/FotoBenjaminFernandezR-600x402.jpg 600w, https:\/\/digitalsprockets.net\/wp-content\/uploads\/2025\/10\/FotoBenjaminFernandezR.jpg 1127w\" sizes=\"auto, (max-width: 1024px) 100vw, 1024px\" \/><\/figure>\n\n\n\n<h1 class=\"wp-block-heading\">Preserving the past for a better FUTURE.<\/h1>\n\n\n\n<h5 class=\"wp-block-heading\">Benjam\u00edn Fern\u00e1ndez R. Maribona, CEO<\/h5>\n\n\n\n<figure class=\"wp-block-image size-large\"><img loading=\"lazy\" decoding=\"async\" width=\"768\" height=\"1024\" src=\"https:\/\/digitalsprockets.net\/wp-content\/uploads\/2025\/10\/20190710_134003-768x1024.jpg\" alt=\"\" class=\"wp-image-1452\" srcset=\"https:\/\/digitalsprockets.net\/wp-content\/uploads\/2025\/10\/20190710_134003-768x1024.jpg 768w, https:\/\/digitalsprockets.net\/wp-content\/uploads\/2025\/10\/20190710_134003-225x300.jpg 225w, https:\/\/digitalsprockets.net\/wp-content\/uploads\/2025\/10\/20190710_134003-1152x1536.jpg 1152w, https:\/\/digitalsprockets.net\/wp-content\/uploads\/2025\/10\/20190710_134003-1536x2048.jpg 1536w, https:\/\/digitalsprockets.net\/wp-content\/uploads\/2025\/10\/20190710_134003-600x800.jpg 600w, https:\/\/digitalsprockets.net\/wp-content\/uploads\/2025\/10\/20190710_134003-scaled.jpg 1920w\" sizes=\"auto, (max-width: 768px) 100vw, 768px\" \/><\/figure>\n\n\n\n<figure class=\"wp-block-image size-large\"><img loading=\"lazy\" decoding=\"async\" width=\"768\" height=\"1024\" src=\"https:\/\/digitalsprockets.net\/wp-content\/uploads\/2025\/10\/20181129_211551-1-768x1024.jpg\" alt=\"\" class=\"wp-image-1523\" title=\"7\" srcset=\"https:\/\/digitalsprockets.net\/wp-content\/uploads\/2025\/10\/20181129_211551-1-768x1024.jpg 768w, https:\/\/digitalsprockets.net\/wp-content\/uploads\/2025\/10\/20181129_211551-1-225x300.jpg 225w, https:\/\/digitalsprockets.net\/wp-content\/uploads\/2025\/10\/20181129_211551-1-1152x1536.jpg 1152w, https:\/\/digitalsprockets.net\/wp-content\/uploads\/2025\/10\/20181129_211551-1-1536x2048.jpg 1536w, https:\/\/digitalsprockets.net\/wp-content\/uploads\/2025\/10\/20181129_211551-1-600x800.jpg 600w, https:\/\/digitalsprockets.net\/wp-content\/uploads\/2025\/10\/20181129_211551-1-scaled.jpg 1920w\" sizes=\"auto, (max-width: 768px) 100vw, 768px\" \/><\/figure>\n\n\n\n<h3 class=\"wp-block-heading\">Transfer<\/h3>\n\n\n\n<h4 class=\"wp-block-heading\">We have the latest generation of Cintel scanners able to scan 35mm at 4k raw and HDR, 16 y s16mm at 2k raw and HDR.<\/h4>\n\n\n\n<p> <a role=\"button\" href=\"https:\/\/digitalsprockets.net\/en\/services\/\" target=\"_self\" rel=\"noopener\"> <\/a><\/p>\n\n\n\n<p>We transfer film 35mm y 16mm a 4k y 2k HDR with Cintel scanner for nitrate and safety film<br>We transfer all video tape format. We convert digital archives.<br>Standards convertion NTSC, PAL SECAM, with IXION y Teranex equipment.<br>Up, cross and downconvert with the latest equipmet from Teranex.<\/p>\n\n\n\n<p><a role=\"button\" href=\"https:\/\/digitalsprockets.net\/en\/services\/\" target=\"_self\" rel=\"noopener\">Read more <\/a><\/p>\n\n\n\n<figure class=\"wp-block-image\"><img decoding=\"async\" src=\"https:\/\/digitalsprockets.net\/wp-content\/uploads\/2022\/04\/20191202_154011_0-scaled.jpg\" alt=\"20191202_154011_0\" title=\"20191202_154011_0\"\/><\/figure>\n\n\n\n<h3 class=\"wp-block-heading\">Restoration<\/h3>\n\n\n\n<h4 class=\"wp-block-heading\">We are the specialist in film and video restoration.<\/h4>\n\n\n\n<p>We have the latest tools for color grading Da Vinci Resolve Studio, Da Vinci Revival and AI tools to remove dirt, dust, scratches, noise and everything that time has left in the film. And also sound restoration with Fairlight and Accon tools.<a role=\"button\" href=\"https:\/\/digitalsprockets.net\/en\/services\/\" target=\"_self\" rel=\"noopener\"> Read more <\/a><\/p>\n\n\n\n<figure class=\"wp-block-image\"><img decoding=\"async\" src=\"https:\/\/digitalsprockets.net\/wp-content\/uploads\/2022\/04\/20191202_170017-scaled.jpg\" alt=\"20191202_170017\" title=\"20191202_170017\"\/><\/figure>\n\n\n\n<h3 class=\"wp-block-heading\">DCP and Masters<\/h3>\n\n\n\n<h4 class=\"wp-block-heading\">We can create DCP masters in 2k and 4k HDR.<\/h4>\n\n\n\n<p><\/p>\n\n\n\n<p>The creation of DCP and masters is the last step of film production to go on to distribution in the highest quality both for theatrical delivery or streaming platforms in 2k, 4k, HDR and even 3D.<br>At Digital Sprockets we do all kinds of projects from independent films, shorts, advertising, feature films and series.<\/p>\n\n\n\n<p> <a role=\"button\" href=\"https:\/\/digitalsprockets.net\/en\/services\/\" target=\"_self\" rel=\"noopener\"> Read more <\/a><\/p>\n\n\n\n<figure class=\"wp-block-image\"><img decoding=\"async\" src=\"https:\/\/digitalsprockets.net\/wp-content\/uploads\/2022\/04\/FondoDaVincipANELES2OK.jpg\" alt=\"FondoDaVincipANELES2OK\" title=\"FondoDaVincipANELES2OK\"\/><\/figure>\n\n\n\n<h3 class=\"wp-block-heading\">Color Grading<\/h3>\n\n\n\n<h4 class=\"wp-block-heading\">5 Color grading suites with Da Vinci Resolve Studio.<\/h4>\n\n\n\n<p>We have the latest in color grading tools with Da Vinci Resolve Studio suites with dedicated control surfaces and calibrated Oled displays and all the tools for restoring image quality on old and damaged content.<\/p>\n\n\n\n<p>With more than 18 years of color grading experience with Da Vinci Products.<\/p>\n\n\n\n<p>With facilities both in Mexico City and in Burbank California.<\/p>\n\n\n\n<h2 class=\"wp-block-heading\">Film Restoration<\/h2>\n\n\n\n<p>Chosen by El Jaguar Internacional de las Artes as winner of the 2018 medal of the Arts JIA 2018 &#8220;\u00c1ngel de la Independencia de M\u00e9xico&#8221; in recognition of the quality in restoring films from the golden age of Mexican cinema.<\/p>\n\n\n\n<h1 class=\"wp-block-heading\">Because your vintage movies or new film project deserve the best quality and service, perfect to the last bit, Digital Sprockets.<\/h1>\n\n\n\n<p><a href=\"https:\/\/digitalsprockets.net\/en\/contact\/\" target=\"_self\" role=\"button\" aria-label=\"Contacto\" rel=\"noopener\">\n Contact\n\t\t<\/a><\/p>\n","protected":false},"excerpt":{"rendered":"<p>The best technology for image and sound. Benjam\u00edn Fern\u00e1ndez R. Maribona, CEO Preserving the past for a better FUTURE. Benjam\u00edn Fern\u00e1ndez R. Maribona, CEO Transfer We have the latest generation of Cintel scanners able to scan 35mm at 4k raw and HDR, 16 y s16mm at 2k raw and HDR. We transfer film 35mm y [&hellip;]<\/p>\n","protected":false},"author":1,"featured_media":0,"parent":0,"menu_order":0,"comment_status":"closed","ping_status":"closed","template":"","meta":{"site-sidebar-layout":"no-sidebar","site-content-layout":"page-builder","ast-site-content-layout":"full-width-container","site-content-style":"unboxed","site-sidebar-style":"unboxed","ast-global-header-display":"","ast-banner-title-visibility":"","ast-main-header-display":"","ast-hfb-above-header-display":"","ast-hfb-below-header-display":"","ast-hfb-mobile-header-display":"","site-post-title":"disabled","ast-breadcrumbs-content":"","ast-featured-img":"disabled","footer-sml-layout":"","ast-disable-related-posts":"","theme-transparent-header-meta":"default","adv-header-id-meta":"","stick-header-meta":"","header-above-stick-meta":"","header-main-stick-meta":"","header-below-stick-meta":"","astra-migrate-meta-layouts":"set","ast-page-background-enabled":"default","ast-page-background-meta":{"desktop":{"background-color":"","background-image":"","background-repeat":"repeat","background-position":"center center","background-size":"auto","background-attachment":"scroll","background-type":"","background-media":"","overlay-type":"","overlay-color":"","overlay-opacity":"","overlay-gradient":""},"tablet":{"background-color":"","background-image":"","background-repeat":"repeat","background-position":"center center","background-size":"auto","background-attachment":"scroll","background-type":"","background-media":"","overlay-type":"","overlay-color":"","overlay-opacity":"","overlay-gradient":""},"mobile":{"background-color":"","background-image":"","background-repeat":"repeat","background-position":"center center","background-size":"auto","background-attachment":"scroll","background-type":"","background-media":"","overlay-type":"","overlay-color":"","overlay-opacity":"","overlay-gradient":""}},"ast-content-background-meta":{"desktop":{"background-color":"var(--ast-global-color-5)","background-image":"","background-repeat":"repeat","background-position":"center center","background-size":"auto","background-attachment":"scroll","background-type":"","background-media":"","overlay-type":"","overlay-color":"","overlay-opacity":"","overlay-gradient":""},"tablet":{"background-color":"var(--ast-global-color-5)","background-image":"","background-repeat":"repeat","background-position":"center center","background-size":"auto","background-attachment":"scroll","background-type":"","background-media":"","overlay-type":"","overlay-color":"","overlay-opacity":"","overlay-gradient":""},"mobile":{"background-color":"var(--ast-global-color-5)","background-image":"","background-repeat":"repeat","background-position":"center center","background-size":"auto","background-attachment":"scroll","background-type":"","background-media":"","overlay-type":"","overlay-color":"","overlay-opacity":"","overlay-gradient":""}},"footnotes":""},"class_list":["post-1326","page","type-page","status-publish","hentry"],"yoast_head":"<!-- This site is optimized with the Yoast SEO plugin v27.4 - https:\/\/yoast.com\/product\/yoast-seo-wordpress\/ -->\n<title>Welcome to Digital Sprockets - Digital Sprockets<\/title>\n<meta name=\"description\" content=\"Restauraci\u00f3n de pel\u00edculas, correcci\u00f3n de color, Cintel, Burbank masterizado\" \/>\n<meta name=\"robots\" content=\"index, follow, max-snippet:-1, max-image-preview:large, max-video-preview:-1\" \/>\n<link rel=\"canonical\" href=\"https:\/\/digitalsprockets.net\/en\/\" \/>\n<meta property=\"og:locale\" content=\"en_US\" \/>\n<meta property=\"og:type\" content=\"article\" \/>\n<meta property=\"og:title\" content=\"Welcome to Digital Sprockets - Digital Sprockets\" \/>\n<meta property=\"og:description\" content=\"Restauraci\u00f3n de pel\u00edculas, correcci\u00f3n de color, Cintel, Burbank masterizado\" \/>\n<meta property=\"og:url\" content=\"https:\/\/digitalsprockets.net\/en\/\" \/>\n<meta property=\"og:site_name\" content=\"Digital Sprockets\" \/>\n<meta property=\"article:modified_time\" content=\"2026-02-18T19:04:17+00:00\" \/>\n<meta property=\"og:image\" content=\"https:\/\/digitalsprockets.net\/wp-content\/uploads\/2025\/10\/CintelG3-scaled.jpg\" \/>\n\t<meta property=\"og:image:width\" content=\"2560\" \/>\n\t<meta property=\"og:image:height\" content=\"1598\" \/>\n\t<meta property=\"og:image:type\" content=\"image\/jpeg\" \/>\n<meta name=\"twitter:card\" content=\"summary_large_image\" \/>\n<meta name=\"twitter:label1\" content=\"Est. reading time\" \/>\n\t<meta name=\"twitter:data1\" content=\"4 minutes\" \/>\n<script type=\"application\/ld+json\" class=\"yoast-schema-graph\">{\"@context\":\"https:\\\/\\\/schema.org\",\"@graph\":[{\"@type\":\"WebPage\",\"@id\":\"https:\\\/\\\/digitalsprockets.net\\\/en\\\/\",\"url\":\"https:\\\/\\\/digitalsprockets.net\\\/en\\\/\",\"name\":\"Welcome to Digital Sprockets - Digital Sprockets\",\"isPartOf\":{\"@id\":\"https:\\\/\\\/digitalsprockets.net\\\/#website\"},\"primaryImageOfPage\":{\"@id\":\"https:\\\/\\\/digitalsprockets.net\\\/en\\\/#primaryimage\"},\"image\":{\"@id\":\"https:\\\/\\\/digitalsprockets.net\\\/en\\\/#primaryimage\"},\"thumbnailUrl\":\"https:\\\/\\\/digitalsprockets.net\\\/wp-content\\\/uploads\\\/2025\\\/10\\\/CintelG3-1024x639.jpg\",\"datePublished\":\"2018-01-16T12:01:52+00:00\",\"dateModified\":\"2026-02-18T19:04:17+00:00\",\"description\":\"Restauraci\u00f3n de pel\u00edculas, correcci\u00f3n de color, Cintel, Burbank masterizado\",\"breadcrumb\":{\"@id\":\"https:\\\/\\\/digitalsprockets.net\\\/en\\\/#breadcrumb\"},\"inLanguage\":\"en-US\",\"potentialAction\":[{\"@type\":\"ReadAction\",\"target\":[\"https:\\\/\\\/digitalsprockets.net\\\/en\\\/\"]}]},{\"@type\":\"ImageObject\",\"inLanguage\":\"en-US\",\"@id\":\"https:\\\/\\\/digitalsprockets.net\\\/en\\\/#primaryimage\",\"url\":\"https:\\\/\\\/digitalsprockets.net\\\/wp-content\\\/uploads\\\/2025\\\/10\\\/CintelG3-1024x639.jpg\",\"contentUrl\":\"https:\\\/\\\/digitalsprockets.net\\\/wp-content\\\/uploads\\\/2025\\\/10\\\/CintelG3-1024x639.jpg\"},{\"@type\":\"BreadcrumbList\",\"@id\":\"https:\\\/\\\/digitalsprockets.net\\\/en\\\/#breadcrumb\",\"itemListElement\":[{\"@type\":\"ListItem\",\"position\":1,\"name\":\"Portada\",\"item\":\"https:\\\/\\\/digitalsprockets.net\\\/en\\\/\"},{\"@type\":\"ListItem\",\"position\":2,\"name\":\"Welcome to Digital Sprockets\"}]},{\"@type\":\"WebSite\",\"@id\":\"https:\\\/\\\/digitalsprockets.net\\\/#website\",\"url\":\"https:\\\/\\\/digitalsprockets.net\\\/\",\"name\":\"Digital Sprockets\",\"description\":\"\",\"publisher\":{\"@id\":\"https:\\\/\\\/digitalsprockets.net\\\/#organization\"},\"potentialAction\":[{\"@type\":\"SearchAction\",\"target\":{\"@type\":\"EntryPoint\",\"urlTemplate\":\"https:\\\/\\\/digitalsprockets.net\\\/?s={search_term_string}\"},\"query-input\":{\"@type\":\"PropertyValueSpecification\",\"valueRequired\":true,\"valueName\":\"search_term_string\"}}],\"inLanguage\":\"en-US\"},{\"@type\":\"Organization\",\"@id\":\"https:\\\/\\\/digitalsprockets.net\\\/#organization\",\"name\":\"Digital Sprockets\",\"url\":\"https:\\\/\\\/digitalsprockets.net\\\/\",\"logo\":{\"@type\":\"ImageObject\",\"inLanguage\":\"en-US\",\"@id\":\"https:\\\/\\\/digitalsprockets.net\\\/#\\\/schema\\\/logo\\\/image\\\/\",\"url\":\"https:\\\/\\\/digitalsprockets.net\\\/wp-content\\\/uploads\\\/2022\\\/04\\\/cropped-LogoDigitalSpr2-1-1.png\",\"contentUrl\":\"https:\\\/\\\/digitalsprockets.net\\\/wp-content\\\/uploads\\\/2022\\\/04\\\/cropped-LogoDigitalSpr2-1-1.png\",\"width\":268,\"height\":80,\"caption\":\"Digital Sprockets\"},\"image\":{\"@id\":\"https:\\\/\\\/digitalsprockets.net\\\/#\\\/schema\\\/logo\\\/image\\\/\"}}]}<\/script>\n<!-- \/ Yoast SEO plugin. -->","yoast_head_json":{"title":"Welcome to Digital Sprockets - Digital Sprockets","description":"Restauraci\u00f3n de pel\u00edculas, correcci\u00f3n de color, Cintel, Burbank masterizado","robots":{"index":"index","follow":"follow","max-snippet":"max-snippet:-1","max-image-preview":"max-image-preview:large","max-video-preview":"max-video-preview:-1"},"canonical":"https:\/\/digitalsprockets.net\/en\/","og_locale":"en_US","og_type":"article","og_title":"Welcome to Digital Sprockets - Digital Sprockets","og_description":"Restauraci\u00f3n de pel\u00edculas, correcci\u00f3n de color, Cintel, Burbank masterizado","og_url":"https:\/\/digitalsprockets.net\/en\/","og_site_name":"Digital Sprockets","article_modified_time":"2026-02-18T19:04:17+00:00","og_image":[{"width":2560,"height":1598,"url":"https:\/\/digitalsprockets.net\/wp-content\/uploads\/2025\/10\/CintelG3-scaled.jpg","type":"image\/jpeg"}],"twitter_card":"summary_large_image","twitter_misc":{"Est. reading time":"4 minutes"},"schema":{"@context":"https:\/\/schema.org","@graph":[{"@type":"WebPage","@id":"https:\/\/digitalsprockets.net\/en\/","url":"https:\/\/digitalsprockets.net\/en\/","name":"Welcome to Digital Sprockets - Digital Sprockets","isPartOf":{"@id":"https:\/\/digitalsprockets.net\/#website"},"primaryImageOfPage":{"@id":"https:\/\/digitalsprockets.net\/en\/#primaryimage"},"image":{"@id":"https:\/\/digitalsprockets.net\/en\/#primaryimage"},"thumbnailUrl":"https:\/\/digitalsprockets.net\/wp-content\/uploads\/2025\/10\/CintelG3-1024x639.jpg","datePublished":"2018-01-16T12:01:52+00:00","dateModified":"2026-02-18T19:04:17+00:00","description":"Restauraci\u00f3n de pel\u00edculas, correcci\u00f3n de color, Cintel, Burbank masterizado","breadcrumb":{"@id":"https:\/\/digitalsprockets.net\/en\/#breadcrumb"},"inLanguage":"en-US","potentialAction":[{"@type":"ReadAction","target":["https:\/\/digitalsprockets.net\/en\/"]}]},{"@type":"ImageObject","inLanguage":"en-US","@id":"https:\/\/digitalsprockets.net\/en\/#primaryimage","url":"https:\/\/digitalsprockets.net\/wp-content\/uploads\/2025\/10\/CintelG3-1024x639.jpg","contentUrl":"https:\/\/digitalsprockets.net\/wp-content\/uploads\/2025\/10\/CintelG3-1024x639.jpg"},{"@type":"BreadcrumbList","@id":"https:\/\/digitalsprockets.net\/en\/#breadcrumb","itemListElement":[{"@type":"ListItem","position":1,"name":"Portada","item":"https:\/\/digitalsprockets.net\/en\/"},{"@type":"ListItem","position":2,"name":"Welcome to Digital Sprockets"}]},{"@type":"WebSite","@id":"https:\/\/digitalsprockets.net\/#website","url":"https:\/\/digitalsprockets.net\/","name":"Digital Sprockets","description":"","publisher":{"@id":"https:\/\/digitalsprockets.net\/#organization"},"potentialAction":[{"@type":"SearchAction","target":{"@type":"EntryPoint","urlTemplate":"https:\/\/digitalsprockets.net\/?s={search_term_string}"},"query-input":{"@type":"PropertyValueSpecification","valueRequired":true,"valueName":"search_term_string"}}],"inLanguage":"en-US"},{"@type":"Organization","@id":"https:\/\/digitalsprockets.net\/#organization","name":"Digital Sprockets","url":"https:\/\/digitalsprockets.net\/","logo":{"@type":"ImageObject","inLanguage":"en-US","@id":"https:\/\/digitalsprockets.net\/#\/schema\/logo\/image\/","url":"https:\/\/digitalsprockets.net\/wp-content\/uploads\/2022\/04\/cropped-LogoDigitalSpr2-1-1.png","contentUrl":"https:\/\/digitalsprockets.net\/wp-content\/uploads\/2022\/04\/cropped-LogoDigitalSpr2-1-1.png","width":268,"height":80,"caption":"Digital Sprockets"},"image":{"@id":"https:\/\/digitalsprockets.net\/#\/schema\/logo\/image\/"}}]}},"_links":{"self":[{"href":"https:\/\/digitalsprockets.net\/en\/wp-json\/wp\/v2\/pages\/1326","targetHints":{"allow":["GET"]}}],"collection":[{"href":"https:\/\/digitalsprockets.net\/en\/wp-json\/wp\/v2\/pages"}],"about":[{"href":"https:\/\/digitalsprockets.net\/en\/wp-json\/wp\/v2\/types\/page"}],"author":[{"embeddable":true,"href":"https:\/\/digitalsprockets.net\/en\/wp-json\/wp\/v2\/users\/1"}],"replies":[{"embeddable":true,"href":"https:\/\/digitalsprockets.net\/en\/wp-json\/wp\/v2\/comments?post=1326"}],"version-history":[{"count":8,"href":"https:\/\/digitalsprockets.net\/en\/wp-json\/wp\/v2\/pages\/1326\/revisions"}],"predecessor-version":[{"id":1581,"href":"https:\/\/digitalsprockets.net\/en\/wp-json\/wp\/v2\/pages\/1326\/revisions\/1581"}],"wp:attachment":[{"href":"https:\/\/digitalsprockets.net\/en\/wp-json\/wp\/v2\/media?parent=1326"}],"curies":[{"name":"wp","href":"https:\/\/api.w.org\/{rel}","templated":true}]}}